{"id":841,"date":"2024-05-29T10:43:29","date_gmt":"2024-05-29T08:43:29","guid":{"rendered":"https:\/\/wieliczka.pinb.gov.pl\/?page_id=841"},"modified":"2026-03-05T15:00:55","modified_gmt":"2026-03-05T14:00:55","slug":"zalatw-sprawe","status":"publish","type":"page","link":"https:\/\/wieliczka.pinb.gov.pl\/index.php\/zalatw-sprawe\/","title":{"rendered":"ZA\u0141ATW SPRAW\u0118"},"content":{"rendered":"<h2 style=\"text-align: justify;\">Je\u017celi chcesz si\u0119 z Nami skontaktowa\u0107:<\/h2>\n<p>&nbsp;<\/p>\n<p style=\"text-align: justify;\">1. Napisz pismo na adres: <strong>Powiatowy Inspektorat Nadzoru Budowlanego w Wieliczce, ul. A. Grottgera 30, 32-020 Wieliczka<\/strong>.<br \/>\n2. Z\u0142\u00f3\u017c pismo bezpo\u015brednio na dzienniku podawczym (poniedzia\u0142ek 8.00-18.00; wtorek-pi\u0105tek 7.30 &#8211; 15.00) znajduj\u0105cym si\u0119 przy <strong>ul. A. Grottgera 30, 32-020 Wieliczk<\/strong><strong>a<\/strong> (drugie pi\u0119tro).<br \/>\n3. Wy\u015blij pismo za po\u015brednictwem e- Dor\u0119cze\u0144 na adres: <strong>AE:PL-76229-65459-DHBRU-15<\/strong><\/p>\n<p>&nbsp;<\/p>\n<p style=\"text-align: justify;\">Zgodnie z art. 63 par. 1 ustawy &#8211; Kodeks Post\u0119powania Administracyjnego <strong>podania<\/strong> (\u017c\u0105dania, wyja\u015bnienia, odwo\u0142ania, za\u017calenia) <strong>wnosi si\u0119 na pi\u015bmie, za pomoc\u0105 telefaksu lub ustnie do protoko\u0142u<\/strong>. Podania utrwalone w postaci elektronicznej wnosi si\u0119 na adres do dor\u0119cze\u0144 elektronicznych lub za po\u015brednictwem konta w systemie teleinformatycznym organu administracji publicznej. Je\u017celi przepisy odr\u0119bne nie stanowi\u0105 inaczej,<strong> podania wniesione na adres poczty elektronicznej organu administracji publicznej pozostawia si\u0119 bez rozpoznania.<\/strong><\/p>\n<p>&nbsp;<\/p>\n<p style=\"text-align: justify;\">Zgodnie z art. 63 par. 2 k.p.a. Podanie powinno zawiera\u0107 co najmniej <strong>wskazanie osoby<\/strong>, od kt\u00f3rej pochodzi, jej <strong>adres<\/strong>, r\u00f3wnie\u017c w przypadku z\u0142o\u017cenia podania w postaci elektronicznej, i \u017c\u0105danie oraz czyni\u0107 zado\u015b\u0107 innym wymaganiom ustalonym w przepisach szczeg\u00f3lnych.<\/p>\n<p>&nbsp;<\/p>\n<p style=\"text-align: justify;\">Zgodnie z art. 63 par. 3 k.p.a. Podanie wniesione na pi\u015bmie albo ustnie do protoko\u0142u powinno by\u0107 <strong>podpisane przez wnosz\u0105cego<\/strong>, a protok\u00f3\u0142 ponadto przez pracownika, kt\u00f3ry go sporz\u0105dzi\u0142. Gdy podanie wnosi osoba, kt\u00f3ra nie mo\u017ce lub nie umie z\u0142o\u017cy\u0107 podpisu, podanie lub protok\u00f3\u0142 podpisuje za ni\u0105 inna osoba przez ni\u0105 upowa\u017cniona, czyni\u0105c o tym wzmiank\u0119 obok podpisu.<\/p>\n<p>&nbsp;<\/p>\n<p>Mo\u017cesz tak\u017ce napisa\u0107 do Nas wiadomo\u015b\u0107 e-mail na adres: info@wieliczka.pinb.gov.pl w sprawach:<br \/>\n<strong>a.<\/strong> dost\u0119pu do informacji publicznej,<br \/>\n<strong>b.<\/strong> skarg i wniosk\u00f3w uregulowanych w dziale VIII ustawy z dnia 14 czerwca 1960 r. Kodeks post\u0119powania administracyjnego, rozporz\u0105dzenia Rady Ministr\u00f3w z dnia 8 stycznia 2002 r. w sprawie organizacji przyjmowania i rozpatrywania skarg i wniosk\u00f3w.<\/p>\n<p>&nbsp;<\/p>\n<p style=\"text-align: justify;\">Przyjmowanie i rozpatrywanie skarg i wniosk\u00f3w odbywa si\u0119 zgodnie z przepisami: dzia\u0142u VIII ustawy z dnia 14 czerwca 1960 r. Kodeks post\u0119powania administracyjnego, rozporz\u0105dzenia Rady Ministr\u00f3w z dnia 8 stycznia 2002 r. w sprawie organizacji przyjmowania i rozpatrywania skarg i wniosk\u00f3w.<\/p>\n<p style=\"text-align: justify;\">\n","protected":false},"excerpt":{"rendered":"<p>Je\u017celi chcesz si\u0119 z Nami skontaktowa\u0107: &nbsp; 1. Napisz pismo na adres: Powiatowy Inspektorat Nadzoru Budowlanego w Wieliczce, ul. A. Grottgera 30, 32-020 Wieliczka. 2. Z\u0142\u00f3\u017c pismo bezpo\u015brednio na dzienniku podawczym (poniedzia\u0142ek 8.00-18.00; wtorek-pi\u0105tek 7.30 &#8211; 15.00) znajduj\u0105cym si\u0119 przy ul. A. Grottgera 30, 32-020 Wieliczka (drugie pi\u0119tro). 3. Wy\u015blij pismo za po\u015brednictwem e- Dor\u0119cze\u0144 [&hellip;]<\/p>\n","protected":false},"author":1,"featured_media":0,"parent":0,"menu_order":0,"comment_status":"closed","ping_status":"closed","template":"","meta":{"footnotes":""},"class_list":["post-841","page","type-page","status-publish","hentry"],"_links":{"self":[{"href":"https:\/\/wieliczka.pinb.gov.pl\/index.php\/wp-json\/wp\/v2\/pages\/841","targetHints":{"allow":["GET"]}}],"collection":[{"href":"https:\/\/wieliczka.pinb.gov.pl\/index.php\/wp-json\/wp\/v2\/pages"}],"about":[{"href":"https:\/\/wieliczka.pinb.gov.pl\/index.php\/wp-json\/wp\/v2\/types\/page"}],"author":[{"embeddable":true,"href":"https:\/\/wieliczka.pinb.gov.pl\/index.php\/wp-json\/wp\/v2\/users\/1"}],"replies":[{"embeddable":true,"href":"https:\/\/wieliczka.pinb.gov.pl\/index.php\/wp-json\/wp\/v2\/comments?post=841"}],"version-history":[{"count":40,"href":"https:\/\/wieliczka.pinb.gov.pl\/index.php\/wp-json\/wp\/v2\/pages\/841\/revisions"}],"predecessor-version":[{"id":1215,"href":"https:\/\/wieliczka.pinb.gov.pl\/index.php\/wp-json\/wp\/v2\/pages\/841\/revisions\/1215"}],"wp:attachment":[{"href":"https:\/\/wieliczka.pinb.gov.pl\/index.php\/wp-json\/wp\/v2\/media?parent=841"}],"curies":[{"name":"wp","href":"https:\/\/api.w.org\/{rel}","templated":true}]}}