{"id":824,"date":"2024-04-02T11:45:34","date_gmt":"2024-04-02T09:45:34","guid":{"rendered":"https:\/\/wieliczka.pinb.gov.pl\/?page_id=824"},"modified":"2024-05-15T08:50:02","modified_gmt":"2024-05-15T06:50:02","slug":"informacja-o-dzialalnosci-pinb-w-polskim-jezyku-migowym-pjm","status":"publish","type":"page","link":"https:\/\/wieliczka.pinb.gov.pl\/index.php\/informacja-o-dzialalnosci-pinb-w-polskim-jezyku-migowym-pjm\/","title":{"rendered":"INFORMACJA O DZIA\u0141ALNO\u015aCI PINB W POLSKIM J\u0118ZYKU MIGOWYM"},"content":{"rendered":"<p><center><iframe loading=\"lazy\" width=\"784\" height=\"441\" src=\"https:\/\/www.youtube.com\/embed\/MS3wrJM4W4M?si=WKtcDZQQG8ZWWeRy\" title=\"INFORMACJA O DZIA\u0141ALNO\u015aCI PINB W POLSKIM J\u0118ZYKU MIGOWYM\" frameborder=\"0\" allow=\"accelerometer; autoplay; clipboard-write; encrypted-media; gyroscope; picture-in-picture; web-share\" referrerpolicy=\"strict-origin-when-cross-origin\" allowfullscreen><\/iframe><\/center><\/p>\n","protected":false},"excerpt":{"rendered":"","protected":false},"author":1,"featured_media":0,"parent":0,"menu_order":0,"comment_status":"closed","ping_status":"closed","template":"page-no-separators","meta":{"footnotes":""},"class_list":["post-824","page","type-page","status-publish","hentry"],"_links":{"self":[{"href":"https:\/\/wieliczka.pinb.gov.pl\/index.php\/wp-json\/wp\/v2\/pages\/824","targetHints":{"allow":["GET"]}}],"collection":[{"href":"https:\/\/wieliczka.pinb.gov.pl\/index.php\/wp-json\/wp\/v2\/pages"}],"about":[{"href":"https:\/\/wieliczka.pinb.gov.pl\/index.php\/wp-json\/wp\/v2\/types\/page"}],"author":[{"embeddable":true,"href":"https:\/\/wieliczka.pinb.gov.pl\/index.php\/wp-json\/wp\/v2\/users\/1"}],"replies":[{"embeddable":true,"href":"https:\/\/wieliczka.pinb.gov.pl\/index.php\/wp-json\/wp\/v2\/comments?post=824"}],"version-history":[{"count":9,"href":"https:\/\/wieliczka.pinb.gov.pl\/index.php\/wp-json\/wp\/v2\/pages\/824\/revisions"}],"predecessor-version":[{"id":839,"href":"https:\/\/wieliczka.pinb.gov.pl\/index.php\/wp-json\/wp\/v2\/pages\/824\/revisions\/839"}],"wp:attachment":[{"href":"https:\/\/wieliczka.pinb.gov.pl\/index.php\/wp-json\/wp\/v2\/media?parent=824"}],"curies":[{"name":"wp","href":"https:\/\/api.w.org\/{rel}","templated":true}]}}