{"id":747,"date":"2023-09-07T09:48:37","date_gmt":"2023-09-07T07:48:37","guid":{"rendered":"https:\/\/wieliczka.pinb.gov.pl\/?page_id=747"},"modified":"2025-02-26T12:55:06","modified_gmt":"2025-02-26T11:55:06","slug":"informacje-o-inspektoracie-w-tekscie-latwym-do-czytania-etr","status":"publish","type":"page","link":"https:\/\/wieliczka.pinb.gov.pl\/index.php\/informacje-o-inspektoracie-w-tekscie-latwym-do-czytania-etr\/","title":{"rendered":"INFOMACJE O PINB W TEK\u015aCIE ETR"},"content":{"rendered":"<p>Powiatowy Inspektorat Nadzoru Budowlanego jest przy ul. A. Grottgera 30 w Wieliczce.<\/p>\n<p><img loading=\"lazy\" decoding=\"async\" class=\"size-medium wp-image-1043 aligncenter\" src=\"https:\/\/wieliczka.pinb.gov.pl\/wp-content\/uploads\/2025\/02\/IMG_9708-300x225.jpg\" alt=\"\" width=\"300\" height=\"225\" srcset=\"https:\/\/wieliczka.pinb.gov.pl\/wp-content\/uploads\/2025\/02\/IMG_9708-300x225.jpg 300w, https:\/\/wieliczka.pinb.gov.pl\/wp-content\/uploads\/2025\/02\/IMG_9708-1024x768.jpg 1024w, https:\/\/wieliczka.pinb.gov.pl\/wp-content\/uploads\/2025\/02\/IMG_9708-768x576.jpg 768w, https:\/\/wieliczka.pinb.gov.pl\/wp-content\/uploads\/2025\/02\/IMG_9708-1536x1152.jpg 1536w, https:\/\/wieliczka.pinb.gov.pl\/wp-content\/uploads\/2025\/02\/IMG_9708-2048x1536.jpg 2048w\" sizes=\"auto, (max-width: 300px) 100vw, 300px\" \/><\/p>\n<p>Inspektoratem kieruje Powiatowy Inspektor Nadzoru Budowlanego. Powiatowym Inspektorem Nadzoru Budowlanego w Wieliczce jest pani Joanna Zymon.<\/p>\n<p>Zadaniem Inspektoratu jest kontrolowanie, czy ludzie przestrzegaj\u0105 przepis\u00f3w prawa budowlanego.<\/p>\n<p>W tym celu przeprowadza kontrole trwaj\u0105cych i zako\u0144czonych inwestycji budowlanych.<\/p>\n<p>Inspektorat bada te\u017c przyczyny powstawania katastrof budowlanych.<\/p>\n<p><a href=\"https:\/\/wieliczka.pinb.gov.pl\/wp-content\/uploads\/2023\/09\/Informacja-o-dzialalnosci-PINB-w-Wieliczce-w-ETR-1.docx\"><img loading=\"lazy\" decoding=\"async\" class=\"wp-image-766 alignleft\" src=\"https:\/\/wieliczka.pinb.gov.pl\/wp-content\/uploads\/2023\/09\/etr-300x297.jpg\" alt=\"LOGO ETR\" width=\"67\" height=\"66\" srcset=\"https:\/\/wieliczka.pinb.gov.pl\/wp-content\/uploads\/2023\/09\/etr-300x297.jpg 300w, https:\/\/wieliczka.pinb.gov.pl\/wp-content\/uploads\/2023\/09\/etr-150x150.jpg 150w, https:\/\/wieliczka.pinb.gov.pl\/wp-content\/uploads\/2023\/09\/etr.jpg 474w\" sizes=\"auto, (max-width: 67px) 100vw, 67px\" \/><\/a><\/p>\n<p><a href=\"https:\/\/wieliczka.pinb.gov.pl\/wp-content\/uploads\/2025\/02\/Informacja-o-dzialalnosci-PINB-w-Wieliczce-w-ETR-1.docx\">Informacja o dzia\u0142alno\u015bci PINB w Wieliczce w ETR<\/a><\/p>\n","protected":false},"excerpt":{"rendered":"<p>Powiatowy Inspektorat Nadzoru Budowlanego jest przy ul. A. Grottgera 30 w Wieliczce. Inspektoratem kieruje Powiatowy Inspektor Nadzoru Budowlanego. Powiatowym Inspektorem Nadzoru Budowlanego w Wieliczce jest pani Joanna Zymon. Zadaniem Inspektoratu jest kontrolowanie, czy ludzie przestrzegaj\u0105 przepis\u00f3w prawa budowlanego. W tym celu przeprowadza kontrole trwaj\u0105cych i zako\u0144czonych inwestycji budowlanych. Inspektorat bada te\u017c przyczyny powstawania katastrof budowlanych. [&hellip;]<\/p>\n","protected":false},"author":1,"featured_media":0,"parent":0,"menu_order":0,"comment_status":"closed","ping_status":"closed","template":"","meta":{"footnotes":""},"class_list":["post-747","page","type-page","status-publish","hentry"],"_links":{"self":[{"href":"https:\/\/wieliczka.pinb.gov.pl\/index.php\/wp-json\/wp\/v2\/pages\/747","targetHints":{"allow":["GET"]}}],"collection":[{"href":"https:\/\/wieliczka.pinb.gov.pl\/index.php\/wp-json\/wp\/v2\/pages"}],"about":[{"href":"https:\/\/wieliczka.pinb.gov.pl\/index.php\/wp-json\/wp\/v2\/types\/page"}],"author":[{"embeddable":true,"href":"https:\/\/wieliczka.pinb.gov.pl\/index.php\/wp-json\/wp\/v2\/users\/1"}],"replies":[{"embeddable":true,"href":"https:\/\/wieliczka.pinb.gov.pl\/index.php\/wp-json\/wp\/v2\/comments?post=747"}],"version-history":[{"count":19,"href":"https:\/\/wieliczka.pinb.gov.pl\/index.php\/wp-json\/wp\/v2\/pages\/747\/revisions"}],"predecessor-version":[{"id":767,"href":"https:\/\/wieliczka.pinb.gov.pl\/index.php\/wp-json\/wp\/v2\/pages\/747\/revisions\/767"}],"wp:attachment":[{"href":"https:\/\/wieliczka.pinb.gov.pl\/index.php\/wp-json\/wp\/v2\/media?parent=747"}],"curies":[{"name":"wp","href":"https:\/\/api.w.org\/{rel}","templated":true}]}}