{"id":707,"date":"2023-08-04T14:03:43","date_gmt":"2023-08-04T12:03:43","guid":{"rendered":"https:\/\/wieliczka.pinb.gov.pl\/?page_id=707"},"modified":"2025-03-10T14:49:58","modified_gmt":"2025-03-10T13:49:58","slug":"dostepnosc","status":"publish","type":"page","link":"https:\/\/wieliczka.pinb.gov.pl\/index.php\/dostepnosc\/","title":{"rendered":"DOST\u0118PNO\u015a\u0106"},"content":{"rendered":"<p><a href=\"https:\/\/wieliczka.pinb.gov.pl\/index.php\/deklaracja-dostepnosci-cyfrowej-dla-strony-podmiotowej-bip\/\">Deklaracja dost\u0119pno\u015bci<\/a><\/p>\n<p><a href=\"https:\/\/wieliczka.pinb.gov.pl\/index.php\/raport-o-stanie-zapewnienia-dostepnosci\/\">Raport o stanie zapewnienia dost\u0119pno\u015bci<\/a><\/p>\n<p><a href=\"https:\/\/wieliczka.pinb.gov.pl\/index.php\/informacja-o-pinb-w-tekscie-odczytywanym-maszynowo\/\">Informacje o Inspektoracie w tek\u015bcie odczytywanym maszynowo<\/a><\/p>\n<p><a href=\"https:\/\/wieliczka.pinb.gov.pl\/index.php\/informacje-o-inspektoracie-w-tekscie-latwym-do-czytania-etr\/\">Informacje o Inspektoracie w tek\u015bcie \u0142atwym do czytania ETR<\/a><\/p>\n<p><a href=\"https:\/\/wieliczka.pinb.gov.pl\/index.php\/informacja-o-dzialalnosci-pinb-w-polskim-jezyku-migowym-pjm\/\">Informacja o dzia\u0142alno\u015bci PINB w Polskim J\u0119zyku Migowym (PJM)<\/a><\/p>\n<p>Plan na rzecz poprawy dost\u0119pno\u015bci<\/p>\n","protected":false},"excerpt":{"rendered":"<p>Deklaracja dost\u0119pno\u015bci Raport o stanie zapewnienia dost\u0119pno\u015bci Informacje o Inspektoracie w tek\u015bcie odczytywanym maszynowo Informacje o Inspektoracie w tek\u015bcie \u0142atwym do czytania ETR Informacja o dzia\u0142alno\u015bci PINB w Polskim J\u0119zyku Migowym (PJM) Plan na rzecz poprawy dost\u0119pno\u015bci<\/p>\n","protected":false},"author":1,"featured_media":0,"parent":0,"menu_order":0,"comment_status":"closed","ping_status":"closed","template":"","meta":{"footnotes":""},"class_list":["post-707","page","type-page","status-publish","hentry"],"_links":{"self":[{"href":"https:\/\/wieliczka.pinb.gov.pl\/index.php\/wp-json\/wp\/v2\/pages\/707","targetHints":{"allow":["GET"]}}],"collection":[{"href":"https:\/\/wieliczka.pinb.gov.pl\/index.php\/wp-json\/wp\/v2\/pages"}],"about":[{"href":"https:\/\/wieliczka.pinb.gov.pl\/index.php\/wp-json\/wp\/v2\/types\/page"}],"author":[{"embeddable":true,"href":"https:\/\/wieliczka.pinb.gov.pl\/index.php\/wp-json\/wp\/v2\/users\/1"}],"replies":[{"embeddable":true,"href":"https:\/\/wieliczka.pinb.gov.pl\/index.php\/wp-json\/wp\/v2\/comments?post=707"}],"version-history":[{"count":7,"href":"https:\/\/wieliczka.pinb.gov.pl\/index.php\/wp-json\/wp\/v2\/pages\/707\/revisions"}],"predecessor-version":[{"id":1089,"href":"https:\/\/wieliczka.pinb.gov.pl\/index.php\/wp-json\/wp\/v2\/pages\/707\/revisions\/1089"}],"wp:attachment":[{"href":"https:\/\/wieliczka.pinb.gov.pl\/index.php\/wp-json\/wp\/v2\/media?parent=707"}],"curies":[{"name":"wp","href":"https:\/\/api.w.org\/{rel}","templated":true}]}}