{"id":645,"date":"2023-02-26T20:16:41","date_gmt":"2023-02-26T19:16:41","guid":{"rendered":"https:\/\/wieliczka.pinb.gov.pl\/?page_id=645"},"modified":"2025-03-10T14:53:17","modified_gmt":"2025-03-10T13:53:17","slug":"mapa-strony","status":"publish","type":"page","link":"https:\/\/wieliczka.pinb.gov.pl\/index.php\/mapa-strony\/","title":{"rendered":"MAPA STRONY"},"content":{"rendered":"<ul>\n<li><a href=\"http:\/\/wieliczka.pinb.gov.pl\/\">Aktualno\u015bci<\/a><\/li>\n<li><a href=\"https:\/\/wieliczka.pinb.gov.pl\/index.php\/zadania\/\">Zadania<\/a><\/li>\n<li><a href=\"https:\/\/wieliczka.pinb.gov.pl\/index.php\/organizacja\/\">Organizacja<\/a><\/li>\n<li><a href=\"https:\/\/wieliczka.pinb.gov.pl\/index.php\/druki\/\">Druki<\/a><\/li>\n<li><a href=\"https:\/\/wieliczka.pinb.gov.pl\/index.php\/rodo\/\">Rodo<\/a><\/li>\n<li><a href=\"https:\/\/wieliczka.pinb.gov.pl\/index.php\/kontakt\/\">Kontakt<\/a><\/li>\n<li><a href=\"https:\/\/wieliczka.pinb.gov.pl\/index.php\/dostepnosc\/\">Dost\u0119pno\u015b\u0107<\/a>\n<ul>\n<li><a href=\"https:\/\/wieliczka.pinb.gov.pl\/index.php\/deklaracja-dostepnosci-cyfrowej-dla-strony-podmiotowej-bip\/\">Deklaracja dost\u0119pno\u015bci<\/a><\/li>\n<li><a href=\"https:\/\/wieliczka.pinb.gov.pl\/index.php\/raport-o-stanie-zapewnienia-dostepnosci\/\">Raport o stanie zapewnienia dost\u0119pno\u015bci<\/a><\/li>\n<li><a href=\"https:\/\/wieliczka.pinb.gov.pl\/index.php\/mapa-strony\/\">Mapa strony<\/a><\/li>\n<li><a href=\"https:\/\/wieliczka.pinb.gov.pl\/index.php\/informacje-o-inspektoracie-w-tekscie-latwym-do-czytania-etr\/\">Informacja o PINB w w tek\u015bcie ETR<\/a><\/li>\n<li><a href=\"https:\/\/wieliczka.pinb.gov.pl\/index.php\/informacja-o-pinb-w-tekscie-odczytywanym-maszynowo\/\">Tekst odczytywany maszynowo<\/a><\/li>\n<li><a href=\"https:\/\/wieliczka.pinb.gov.pl\/index.php\/informacja-o-dzialalnosci-pinb-w-polskim-jezyku-migowym-pjm\/\">Informacja o dzia\u0142alno\u015bci PINB w polskim j\u0119zyku migowym<\/a><\/li>\n<\/ul>\n<\/li>\n<\/ul>\n","protected":false},"excerpt":{"rendered":"<p>Aktualno\u015bci Zadania Organizacja Druki Rodo Kontakt Dost\u0119pno\u015b\u0107 Deklaracja dost\u0119pno\u015bci Raport o stanie zapewnienia dost\u0119pno\u015bci Mapa strony Informacja o PINB w w tek\u015bcie ETR Tekst odczytywany maszynowo Informacja o dzia\u0142alno\u015bci PINB w polskim j\u0119zyku migowym<\/p>\n","protected":false},"author":1,"featured_media":0,"parent":0,"menu_order":0,"comment_status":"closed","ping_status":"closed","template":"","meta":{"footnotes":""},"class_list":["post-645","page","type-page","status-publish","hentry"],"_links":{"self":[{"href":"https:\/\/wieliczka.pinb.gov.pl\/index.php\/wp-json\/wp\/v2\/pages\/645","targetHints":{"allow":["GET"]}}],"collection":[{"href":"https:\/\/wieliczka.pinb.gov.pl\/index.php\/wp-json\/wp\/v2\/pages"}],"about":[{"href":"https:\/\/wieliczka.pinb.gov.pl\/index.php\/wp-json\/wp\/v2\/types\/page"}],"author":[{"embeddable":true,"href":"https:\/\/wieliczka.pinb.gov.pl\/index.php\/wp-json\/wp\/v2\/users\/1"}],"replies":[{"embeddable":true,"href":"https:\/\/wieliczka.pinb.gov.pl\/index.php\/wp-json\/wp\/v2\/comments?post=645"}],"version-history":[{"count":6,"href":"https:\/\/wieliczka.pinb.gov.pl\/index.php\/wp-json\/wp\/v2\/pages\/645\/revisions"}],"predecessor-version":[{"id":1090,"href":"https:\/\/wieliczka.pinb.gov.pl\/index.php\/wp-json\/wp\/v2\/pages\/645\/revisions\/1090"}],"wp:attachment":[{"href":"https:\/\/wieliczka.pinb.gov.pl\/index.php\/wp-json\/wp\/v2\/media?parent=645"}],"curies":[{"name":"wp","href":"https:\/\/api.w.org\/{rel}","templated":true}]}}