{"id":137,"date":"2022-12-12T08:29:37","date_gmt":"2022-12-12T07:29:37","guid":{"rendered":"http:\/\/wieliczka.pinb.gov.pl\/?page_id=137"},"modified":"2026-01-20T10:09:25","modified_gmt":"2026-01-20T09:09:25","slug":"deklaracja-dostepnosci-cyfrowej-dla-strony-podmiotowej-bip","status":"publish","type":"page","link":"https:\/\/wieliczka.pinb.gov.pl\/index.php\/deklaracja-dostepnosci-cyfrowej-dla-strony-podmiotowej-bip\/","title":{"rendered":"DEKLARACJA DOST\u0118PNO\u015aCI"},"content":{"rendered":"\r\n<div class=\"wp-block-group alignwide has-cyan-bluish-gray-color has-text-color is-vertical is-layout-flex wp-container-core-group-is-layout-e89a6ecf wp-block-group-is-layout-flex\">\r\n<p id=\"a11y-deklaracja\" class=\"has-foreground-color has-text-color\" style=\"text-align: justify;\"><strong>Deklaracja dost\u0119pno\u015bci strony internetowej www.wieliczka.pinb.gov.pl<\/strong><\/p>\r\n<p id=\"a11y-wstep\" class=\"has-foreground-color has-text-color\" style=\"text-align: justify;\">Wst\u0119p Deklaracji<\/p>\r\n<p class=\"has-foreground-color has-text-color\" style=\"text-align: justify;\"><span id=\"a11y-podmiot\">Powiatowy Inspektorat Nadzoru Budowlanego w Wieliczce<span id=\"a11y-podmiot\"> zobowi\u0105zuje si\u0119 zapewni\u0107 dost\u0119pno\u015b\u0107 swojej strony internetowej zgodnie z przepisami ustawy z dnia 4 kwietnia 2019 r. o dost\u0119pno\u015bci cyfrowej stron internetowych i aplikacji mobilnych podmiot\u00f3w publicznych. O\u015bwiadczenie w sprawie dost\u0119pno\u015bci ma zastosowanie <a id=\"a11y-url\" href=\"https:\/\/www.wieliczka.pinb.gov.pl\/\">do strony internetowej: do strony internetowej www.wieliczka.pinb.gov.pl<\/a><\/span><\/span><\/p>\r\n<p id=\"a11y-data-publikacja\" class=\"has-foreground-color has-text-color\" style=\"text-align: justify;\">Data publikacji strony internetowej: 2023-01-05<\/p>\r\n<p id=\"a11y-data-sporzadzenie\" class=\"has-foreground-color has-text-color\" style=\"text-align: justify;\">Data ostatniej istotnej aktualizacji: 2023-09-07<\/p>\r\n<p class=\"has-foreground-color has-text-color\" style=\"text-align: justify;\"><strong>Stan dost\u0119pno\u015bci cyfrowej<\/strong><\/p>\r\n<p class=\"has-foreground-color has-text-color\" style=\"text-align: justify;\">Strona internetowa Powiatowego Inspektoratu Nadzoru Budowlanego jest cz\u0119\u015bciowo zgodn\u0105 z ustaw\u0105 z dnia 4 kwietnia 2019 r. o dost\u0119pno\u015bci cyfrowej stron internetowych i aplikacji mobilnych podmiot\u00f3w publicznych.<\/p>\r\n<p class=\"has-foreground-color has-text-color\" style=\"text-align: justify;\"><strong>U\u0142atwienia na stronie podmiotowej Powiatowego Inspektoratu Nadzoru Budowlanego.<\/strong><\/p>\r\n<p class=\"has-foreground-color has-text-color\" style=\"text-align: justify;\">Strony posiada nast\u0119puj\u0105ce u\u0142atwienia:<\/p>\r\n<ul class=\"has-foreground-color has-text-color\" style=\"text-align: justify;\">\r\n<li>podwy\u017cszony kontrast (czarne t\u0142o, \u017c\u00f3\u0142te litery)<\/li>\r\n<li>mo\u017cliwo\u015b\u0107 powi\u0119kszenia wielko\u015bci liter na stronie<\/li>\r\n<li>mo\u017cliwo\u015b\u0107 zwi\u0119kszenia interlinii oraz odst\u0119p\u00f3w pomi\u0119dzy literami<\/li>\r\n<li>mapa strony<\/li>\r\n<li>focus wok\u00f3\u0142 element\u00f3w nawigacyjnych<\/li>\r\n<\/ul>\r\n<p style=\"text-align: justify;\"><span style=\"color: #003300;\"><strong>Przygotowanie deklaracji dost\u0119pno\u015bci\u00a0<\/strong><\/span><\/p>\r\n<p style=\"text-align: justify;\"><span style=\"color: #003300;\">Data sporz\u0105dzenia deklaracji: 2023-01-05<\/span><\/p>\r\n<p style=\"text-align: justify;\"><span style=\"color: #003300;\">Data ostatniego przegl\u0105du deklaracji: 2026-01-20<\/span><\/p>\r\n<p style=\"text-align: justify;\"><span style=\"color: #003300;\">Deklaracj\u0119 sporz\u0105dzono na podstawie samooceny, kt\u00f3r\u0105 przeprowadzili pracownicy Powiatowego Inspektoratu Nadzoru Budowlanego w Wieliczce.<\/span><\/p>\r\n<p class=\"has-foreground-color has-text-color\" style=\"text-align: justify;\"><span style=\"color: #003300;\"><strong>Skr\u00f3ty klawiaturowe<\/strong><\/span><\/p>\r\n<p class=\"has-foreground-color has-text-color\" style=\"text-align: justify;\">Na stronie internetowej mo\u017cna u\u017cywa\u0107 standardowych skr\u00f3t\u00f3w klawiaturowych przegl\u0105darki.<\/p>\r\n<p id=\"a11y-kontakt\" class=\"has-foreground-color has-text-color\" style=\"text-align: justify;\"><strong>Informacje zwrotne i dane kontaktowe<\/strong><\/p>\r\n<p id=\"a11y-osoba\" class=\"has-foreground-color has-text-color\" style=\"text-align: justify;\">Osoba do kontaktu w sprawie dost\u0119pno\u015bci: Angelika J\u00f3rasz<\/p>\r\n<p id=\"a11y-email\" class=\"has-foreground-color has-text-color\" style=\"text-align: justify;\">e-mail: info@wieliczka.pinb.gov.pl<\/p>\r\n<p id=\"a11y-telefon\" class=\"has-foreground-color has-text-color\" style=\"text-align: justify;\">Telefon: 12 288 04 88<\/p>\r\n<p id=\"a11y-procedura\" class=\"has-foreground-color has-text-color\" style=\"text-align: justify;\"><strong>Procedura wnioskowo-skargowa<\/strong><\/p>\r\n<p class=\"has-foreground-color has-text-color\" style=\"text-align: justify;\">Uprzejmie informujemy, \u017ce zgodnie z ustaw\u0105 z dnia 4 kwietnia 2019 r. o dost\u0119pno\u015bci cyfrowej stron internetowych i aplikacji mobilnych podmiot\u00f3w publicznych ka\u017cdy ma prawo wyst\u0105pi\u0107 do podmiotu publicznego z \u017c\u0105daniem udost\u0119pnienia cyfrowego wskazanej strony internetowej, aplikacji mobilnej lub ich element\u00f3w, ewentualnie zapewnienia dost\u0119pu alternatywnego, na warunkach okre\u015blonych w ustawie. W przypadku odmowy wnosz\u0105cy \u017c\u0105danie mo\u017cne z\u0142o\u017cy\u0107 skarg\u0119 z zastosowaniem przepis\u00f3w ustawy z dnia 14 czerwca 1960 r. Kodeks post\u0119powania administracyjnego, a tak\u017ce powiadomi\u0107 Rzecznika Praw Obywatelskich: www.rpo.gov.pl<\/p>\r\n<\/div>\r\n<p style=\"text-align: justify;\">Zg\u0142aszaj\u0105c takie \u017c\u0105danie podaj:<\/p>\r\n<ul style=\"text-align: justify;\">\r\n<li>swoje imi\u0119 i nazwisko,<\/li>\r\n<li>swoje dane kontaktowe (np. numer telefonu, e-mail),<\/li>\r\n<li>dok\u0142adny adres strony internetowej, na kt\u00f3rej jest niedost\u0119pny cyfrowo element lub tre\u015b\u0107,<\/li>\r\n<li>opis na czym polega problem i jaki spos\u00f3b jego rozwi\u0105zania by\u0142by dla Ciebie najwygodniejszy.<\/li>\r\n<\/ul>\r\n<p style=\"text-align: justify;\">Na Twoje zg\u0142oszenie odpowiemy najszybciej jak to mo\u017cliwe, nie p\u00f3\u017aniej ni\u017c w ci\u0105gu 7 dni od jego otrzymania.<\/p>\r\n<p style=\"text-align: justify;\">Je\u017celi ten termin b\u0119dzie dla nas zbyt kr\u00f3tki poinformujemy Ci\u0119 o tym. W tej informacji podamy nowy termin, do kt\u00f3rego poprawimy zg\u0142oszone przez Ciebie b\u0142\u0119dy lub przygotujemy informacje w alternatywny spos\u00f3b. Ten nowy termin nie b\u0119dzie d\u0142u\u017cszy ni\u017c 2 miesi\u0105ce.<\/p>\r\n<p style=\"text-align: justify;\">Je\u017celi nie b\u0119dziemy w stanie zapewni\u0107 dost\u0119pno\u015bci cyfrowej strony internetowej lub tre\u015bci, wskazanej w Twoim \u017c\u0105daniu, zaproponujemy Ci dost\u0119p do nich w alternatywny spos\u00f3b.<\/p>\r\n<p style=\"text-align: justify;\">W zakresie dost\u0119pno\u015bci informacyjno-komunikacyjnej po wcze\u015bniejszym skontaktowaniu si\u0119 z Powiatowym Inspektoratem Nadzoru Budowlanego w Wieliczce istnieje mo\u017cliwo\u015b\u0107 zapewnienia us\u0142ugi t\u0142umacza Polskiego J\u0119zyka Migowego telefonicznie pod numerem: +48122880488, poczt\u0105 e-mail: info@wieliczka.pinb.gov.pl lub poczt\u0105 tradycyjn\u0105 na adres: ulica Grottgera 30, 32-020\u00a0Wieliczka.<\/p>\r\n<p>&nbsp;<\/p>\r\n<p style=\"text-align: justify;\"><strong>Wniosek o zapewnienie dost\u0119pno\u015bci<\/strong><\/p>\r\n<p><a href=\"https:\/\/wieliczka.pinb.gov.pl\/wp-content\/uploads\/2025\/03\/Wniosek_o_zapewnienie_dostepnosci.pdf\">Wniosek_o_zapewnienie_dost\u0119pno\u015bci<\/a><\/p>\r\n<p><a href=\"https:\/\/wieliczka.pinb.gov.pl\/wp-content\/uploads\/2025\/03\/Wniosek_o_zapewnienie_dostepnosci.docx\">Wniosek_o_zapewnienie_dost\u0119pno\u015bci<\/a><\/p>\r\n<div class=\"wp-block-group alignwide has-cyan-bluish-gray-color has-text-color\" style=\"text-align: justify;\">\r\n<p id=\"a11y-architektura\" class=\"has-foreground-color has-text-color\" style=\"text-align: justify;\"><span style=\"color: #000000;\"><strong>Dost\u0119pno\u015b\u0107 architektoniczna<\/strong><\/span><\/p>\r\n<p class=\"has-foreground-color has-text-color\" style=\"text-align: justify;\"><span style=\"color: #000000;\">Powiatowy Inspektorat Nadzoru Budowlanego w Wieliczce znajduje si\u0119 przy ul. Grottgera 30 w Wieliczce.<\/span><\/p>\r\n<p style=\"text-align: justify;\"><span style=\"color: #000000;\">Przed budynkiem wyznaczono 1 miejsce parkingowe dla os\u00f3b z niepe\u0142nosprawno\u015bci\u0105. Miejsce parkingowe oznaczone jest znakiem poziomym. Przestrze\u0144 manewrowa wok\u00f3\u0142 g\u0142\u00f3wnego wej\u015bcia jest wi\u0119ksza ni\u017c 150 cm x 150 cm. Do budynku mo\u017cna wej\u015b\u0107 bezpo\u015brednio z parkingu za pomoc\u0105 schod\u00f3w lub pochylni.<\/span><\/p>\r\n<p style=\"text-align: justify;\"><span style=\"color: #000000;\">Przed budynkiem zamontowano zadaszenie. Do budynku mo\u017cna wej\u015b\u0107 z psem asystuj\u0105cym i z psem przewodnikiem. Budynek jest oznakowany tablicami informacyjnymi. Wej\u015bcie do budynku otwiera si\u0119 automatycznie.<\/span><\/p>\r\n<p style=\"text-align: justify;\"><span style=\"color: #000000;\">Przestrzenie komunikacyjne w budynku s\u0105 wolne od barier pionowych i poziomych. Budynek wyposa\u017cony jest w wind\u0119. Szeroko\u015b\u0107 wej\u015bcia do windy wynosi 90 cm. Winda posiada komunikat g\u0142osowy o numerze pi\u0119tra.<\/span><\/p>\r\n<p style=\"text-align: justify;\"><span style=\"color: #000000;\">Toaleta dla os\u00f3b z niepe\u0142nosprawno\u015bci\u0105 ruchow\u0105 usytuowana jest na II pi\u0119trze budynku. Po obu stronach muszli ust\u0119powej zamontowano uchylne por\u0119cze.<\/span><\/p>\r\n<p style=\"text-align: justify;\"><span style=\"color: #000000;\">\u00a0Przy stanowisku obs\u0142ugi klienta zamontowano p\u0119tl\u0119 indukcyjn\u0105.\u00a0<\/span><\/p>\r\n<\/div>\r\n<p style=\"text-align: justify;\"><strong>Wej\u015bcie do budynku<\/strong><\/p>\r\n<div class=\"wp-block-group alignwide has-cyan-bluish-gray-color has-text-color\">\r\n<p><img loading=\"lazy\" decoding=\"async\" class=\"wp-image-1043 aligncenter\" src=\"https:\/\/wieliczka.pinb.gov.pl\/wp-content\/uploads\/2025\/02\/IMG_9708-300x225.jpg\" alt=\"\" width=\"1024\" height=\"768\" srcset=\"https:\/\/wieliczka.pinb.gov.pl\/wp-content\/uploads\/2025\/02\/IMG_9708-300x225.jpg 300w, https:\/\/wieliczka.pinb.gov.pl\/wp-content\/uploads\/2025\/02\/IMG_9708-1024x768.jpg 1024w, https:\/\/wieliczka.pinb.gov.pl\/wp-content\/uploads\/2025\/02\/IMG_9708-768x576.jpg 768w, https:\/\/wieliczka.pinb.gov.pl\/wp-content\/uploads\/2025\/02\/IMG_9708-1536x1152.jpg 1536w, https:\/\/wieliczka.pinb.gov.pl\/wp-content\/uploads\/2025\/02\/IMG_9708-2048x1536.jpg 2048w\" sizes=\"auto, (max-width: 1024px) 100vw, 1024px\" \/><\/p>\r\n<\/div>\r\n","protected":false},"excerpt":{"rendered":"<p>Deklaracja dost\u0119pno\u015bci strony internetowej www.wieliczka.pinb.gov.pl Wst\u0119p Deklaracji Powiatowy Inspektorat Nadzoru Budowlanego w Wieliczce zobowi\u0105zuje si\u0119 zapewni\u0107 dost\u0119pno\u015b\u0107 swojej strony internetowej zgodnie z przepisami ustawy z dnia 4 kwietnia 2019 r. o dost\u0119pno\u015bci cyfrowej stron internetowych i aplikacji mobilnych podmiot\u00f3w publicznych. O\u015bwiadczenie w sprawie dost\u0119pno\u015bci ma zastosowanie do strony internetowej: do strony internetowej www.wieliczka.pinb.gov.pl Data publikacji [&hellip;]<\/p>\n","protected":false},"author":1,"featured_media":0,"parent":0,"menu_order":0,"comment_status":"closed","ping_status":"closed","template":"","meta":{"footnotes":""},"class_list":["post-137","page","type-page","status-publish","hentry"],"_links":{"self":[{"href":"https:\/\/wieliczka.pinb.gov.pl\/index.php\/wp-json\/wp\/v2\/pages\/137","targetHints":{"allow":["GET"]}}],"collection":[{"href":"https:\/\/wieliczka.pinb.gov.pl\/index.php\/wp-json\/wp\/v2\/pages"}],"about":[{"href":"https:\/\/wieliczka.pinb.gov.pl\/index.php\/wp-json\/wp\/v2\/types\/page"}],"author":[{"embeddable":true,"href":"https:\/\/wieliczka.pinb.gov.pl\/index.php\/wp-json\/wp\/v2\/users\/1"}],"replies":[{"embeddable":true,"href":"https:\/\/wieliczka.pinb.gov.pl\/index.php\/wp-json\/wp\/v2\/comments?post=137"}],"version-history":[{"count":33,"href":"https:\/\/wieliczka.pinb.gov.pl\/index.php\/wp-json\/wp\/v2\/pages\/137\/revisions"}],"predecessor-version":[{"id":1198,"href":"https:\/\/wieliczka.pinb.gov.pl\/index.php\/wp-json\/wp\/v2\/pages\/137\/revisions\/1198"}],"wp:attachment":[{"href":"https:\/\/wieliczka.pinb.gov.pl\/index.php\/wp-json\/wp\/v2\/media?parent=137"}],"curies":[{"name":"wp","href":"https:\/\/api.w.org\/{rel}","templated":true}]}}